{"id":1546,"date":"2018-06-25T14:39:38","date_gmt":"2018-06-25T12:39:38","guid":{"rendered":"https:\/\/www.selfie-cosmetic.com\/shop\/selfie-cosmetic"},"modified":"2024-10-03T16:46:55","modified_gmt":"2024-10-03T14:46:55","slug":"selfie-cosmetic-2","status":"publish","type":"product","link":"https:\/\/selfie-cosmetic.com\/fr\/selfie-cosmetic-2","title":{"rendered":"Selfie COSMETIC"},"content":{"rendered":"<p><strong>Selfie COSMETIC<\/strong> est la premi\u00e8re combinaison de protection de la peau test\u00e9e sous contr\u00f4le dermatologique qui prot\u00e8ge la peau des dangereux rayonnements des t\u00e9l\u00e9phones portables (rayonnement HEV) de mani\u00e8re naturelle, cibl\u00e9e et directe.<\/p>\n<p>Les peaux jeunes sont expos\u00e9es quotidiennement au stress num\u00e9rique (smartphones, tablettes, ordinateurs), ainsi qu'aux rayonnements visibles \u00e0 haute \u00e9nergie (HEV) associ\u00e9s qui endommagent la peau. La lumi\u00e8re HEV p\u00e9n\u00e8tre plus profond\u00e9ment dans la couche dermique que les rayons UV. Ce rayonnement provoque des rides, de l'acn\u00e9 et des zones de pigmentation. Le vieillissement de la peau est manifestement acc\u00e9l\u00e9r\u00e9.<\/p>\n<p>La lumi\u00e8re bleue endommage la barri\u00e8re cutan\u00e9e et la peau devient plus rapidement s\u00e8che : les rides caus\u00e9es par la s\u00e9cheresse apparaissent plus t\u00f4t.<\/p>\n<p><img decoding=\"async\" class=\"aligncenter wp-image-1623\" src=\"https:\/\/selfie-cosmetic.com\/wp-content\/uploads\/2018\/06\/Fotolia_100969972_Subscription_Monthly_S.jpg\" alt=\"100% Qualit\u00e9 made in Germany\" width=\"300\" height=\"81\" srcset=\"https:\/\/selfie-cosmetic.com\/wp-content\/uploads\/2018\/06\/Fotolia_100969972_Subscription_Monthly_S-200x54.jpg 200w, https:\/\/selfie-cosmetic.com\/wp-content\/uploads\/2018\/06\/Fotolia_100969972_Subscription_Monthly_S-300x81.jpg 300w, https:\/\/selfie-cosmetic.com\/wp-content\/uploads\/2018\/06\/Fotolia_100969972_Subscription_Monthly_S-400x108.jpg 400w, https:\/\/selfie-cosmetic.com\/wp-content\/uploads\/2018\/06\/Fotolia_100969972_Subscription_Monthly_S-500x135.jpg 500w, https:\/\/selfie-cosmetic.com\/wp-content\/uploads\/2018\/06\/Fotolia_100969972_Subscription_Monthly_S.jpg 600w\" sizes=\"(max-width: 300px) 100vw, 300px\" \/><\/p>","protected":false},"excerpt":{"rendered":"<p>Les peaux jeunes sont expos\u00e9es quotidiennement au stress num\u00e9rique (smartphones, tablettes, ordinateurs), ainsi qu'aux rayonnements visibles \u00e0 haute \u00e9nergie (HEV) associ\u00e9s qui endommagent la peau. La lumi\u00e8re HEV p\u00e9n\u00e8tre plus profond\u00e9ment dans la couche dermique que les rayons UV. Ce rayonnement provoque des rides, de l'acn\u00e9 et des zones de pigmentation. Le vieillissement de la peau est manifestement acc\u00e9l\u00e9r\u00e9.<\/p>\n<p>La lumi\u00e8re bleue endommage la barri\u00e8re cutan\u00e9e et la peau devient plus rapidement s\u00e8che : les rides caus\u00e9es par la s\u00e9cheresse apparaissent plus t\u00f4t.<\/p>\n<p><img decoding=\"async\" class=\"aligncenter wp-image-1623\" src=\"https:\/\/selfie-cosmetic.com\/wp-content\/uploads\/2018\/06\/Fotolia_100969972_Subscription_Monthly_S.jpg\" alt=\"100% Qualit\u00e9 made in Germany\" width=\"300\" height=\"81\" srcset=\"https:\/\/selfie-cosmetic.com\/wp-content\/uploads\/2018\/06\/Fotolia_100969972_Subscription_Monthly_S-200x54.jpg 200w, https:\/\/selfie-cosmetic.com\/wp-content\/uploads\/2018\/06\/Fotolia_100969972_Subscription_Monthly_S-300x81.jpg 300w, https:\/\/selfie-cosmetic.com\/wp-content\/uploads\/2018\/06\/Fotolia_100969972_Subscription_Monthly_S-400x108.jpg 400w, https:\/\/selfie-cosmetic.com\/wp-content\/uploads\/2018\/06\/Fotolia_100969972_Subscription_Monthly_S-500x135.jpg 500w, https:\/\/selfie-cosmetic.com\/wp-content\/uploads\/2018\/06\/Fotolia_100969972_Subscription_Monthly_S.jpg 600w\" sizes=\"(max-width: 300px) 100vw, 300px\" \/><\/p>","protected":false},"featured_media":1663,"comment_status":"open","ping_status":"closed","template":"","meta":{"rs_blank_template":"","rs_page_bg_color":"","slide_template_v7":""},"product_brand":[],"product_cat":[15],"product_tag":[],"class_list":{"0":"post-1546","1":"product","2":"type-product","3":"status-publish","4":"has-post-thumbnail","6":"product_cat-selfie-cosmetic","8":"first","9":"outofstock","10":"shipping-taxable","11":"purchasable","12":"product-type-variable","13":"has-default-attributes"},"_links":{"self":[{"href":"https:\/\/selfie-cosmetic.com\/fr\/wp-json\/wp\/v2\/product\/1546","targetHints":{"allow":["GET"]}}],"collection":[{"href":"https:\/\/selfie-cosmetic.com\/fr\/wp-json\/wp\/v2\/product"}],"about":[{"href":"https:\/\/selfie-cosmetic.com\/fr\/wp-json\/wp\/v2\/types\/product"}],"replies":[{"embeddable":true,"href":"https:\/\/selfie-cosmetic.com\/fr\/wp-json\/wp\/v2\/comments?post=1546"}],"wp:featuredmedia":[{"embeddable":true,"href":"https:\/\/selfie-cosmetic.com\/fr\/wp-json\/wp\/v2\/media\/1663"}],"wp:attachment":[{"href":"https:\/\/selfie-cosmetic.com\/fr\/wp-json\/wp\/v2\/media?parent=1546"}],"wp:term":[{"taxonomy":"product_brand","embeddable":true,"href":"https:\/\/selfie-cosmetic.com\/fr\/wp-json\/wp\/v2\/product_brand?post=1546"},{"taxonomy":"product_cat","embeddable":true,"href":"https:\/\/selfie-cosmetic.com\/fr\/wp-json\/wp\/v2\/product_cat?post=1546"},{"taxonomy":"product_tag","embeddable":true,"href":"https:\/\/selfie-cosmetic.com\/fr\/wp-json\/wp\/v2\/product_tag?post=1546"}],"curies":[{"name":"wp","href":"https:\/\/api.w.org\/{rel}","templated":true}]}}