{"id":1546,"date":"2018-06-25T14:39:38","date_gmt":"2018-06-25T12:39:38","guid":{"rendered":"https:\/\/www.selfie-cosmetic.com\/shop\/selfie-cosmetic"},"modified":"2024-10-03T16:46:55","modified_gmt":"2024-10-03T14:46:55","slug":"selfie-cosmetic-2","status":"publish","type":"product","link":"https:\/\/selfie-cosmetic.com\/es\/selfie-cosmetic-2","title":{"rendered":"Selfie COSMETIC"},"content":{"rendered":"<p><strong>Selfie COSMETIC<\/strong> es la primera combinaci\u00f3n de protecci\u00f3n de la piel probada dermatol\u00f3gicamente que protege la piel de las peligrosas radiaciones de los tel\u00e9fonos m\u00f3viles (radiaci\u00f3n HEV) de forma natural, espec\u00edfica y directa.<\/p>\n<p>La piel de los j\u00f3venes est\u00e1 expuesta a diario al estr\u00e9s digital (tel\u00e9fonos inteligentes, tabletas, ordenadores), junto con la radiaci\u00f3n visible de alta energ\u00eda (HEV) asociada, que da\u00f1a la piel. La luz HEV penetra m\u00e1s en la capa d\u00e9rmica que los rayos UV. Esta radiaci\u00f3n provoca arrugas, acn\u00e9 y zonas de pigmentaci\u00f3n. El envejecimiento de la piel se acelera de forma demostrable.<\/p>\n<p>La luz azul da\u00f1a la barrera cut\u00e1nea y la piel se seca m\u00e1s r\u00e1pidamente: las arrugas causadas por la sequedad aparecen antes.<\/p>\n<p><img decoding=\"async\" class=\"aligncenter wp-image-1623\" src=\"https:\/\/selfie-cosmetic.com\/wp-content\/uploads\/2018\/06\/Fotolia_100969972_Subscription_Monthly_S.jpg\" alt=\"100% Calidad made in Germany\" width=\"300\" height=\"81\" srcset=\"https:\/\/selfie-cosmetic.com\/wp-content\/uploads\/2018\/06\/Fotolia_100969972_Subscription_Monthly_S-200x54.jpg 200w, https:\/\/selfie-cosmetic.com\/wp-content\/uploads\/2018\/06\/Fotolia_100969972_Subscription_Monthly_S-300x81.jpg 300w, https:\/\/selfie-cosmetic.com\/wp-content\/uploads\/2018\/06\/Fotolia_100969972_Subscription_Monthly_S-400x108.jpg 400w, https:\/\/selfie-cosmetic.com\/wp-content\/uploads\/2018\/06\/Fotolia_100969972_Subscription_Monthly_S-500x135.jpg 500w, https:\/\/selfie-cosmetic.com\/wp-content\/uploads\/2018\/06\/Fotolia_100969972_Subscription_Monthly_S.jpg 600w\" sizes=\"(max-width: 300px) 100vw, 300px\" \/><\/p>","protected":false},"excerpt":{"rendered":"<p>La piel de los j\u00f3venes est\u00e1 expuesta a diario al estr\u00e9s digital (tel\u00e9fonos inteligentes, tabletas, ordenadores), junto con la radiaci\u00f3n visible de alta energ\u00eda (HEV) asociada, que da\u00f1a la piel. La luz HEV penetra m\u00e1s en la capa d\u00e9rmica que los rayos UV. Esta radiaci\u00f3n provoca arrugas, acn\u00e9 y zonas de pigmentaci\u00f3n. El envejecimiento de la piel se acelera de forma demostrable.<\/p>\n<p>La luz azul da\u00f1a la barrera cut\u00e1nea y la piel se seca m\u00e1s r\u00e1pidamente: las arrugas causadas por la sequedad aparecen antes.<\/p>\n<p><img decoding=\"async\" class=\"aligncenter wp-image-1623\" src=\"https:\/\/selfie-cosmetic.com\/wp-content\/uploads\/2018\/06\/Fotolia_100969972_Subscription_Monthly_S.jpg\" alt=\"100% Calidad made in Germany\" width=\"300\" height=\"81\" srcset=\"https:\/\/selfie-cosmetic.com\/wp-content\/uploads\/2018\/06\/Fotolia_100969972_Subscription_Monthly_S-200x54.jpg 200w, https:\/\/selfie-cosmetic.com\/wp-content\/uploads\/2018\/06\/Fotolia_100969972_Subscription_Monthly_S-300x81.jpg 300w, https:\/\/selfie-cosmetic.com\/wp-content\/uploads\/2018\/06\/Fotolia_100969972_Subscription_Monthly_S-400x108.jpg 400w, https:\/\/selfie-cosmetic.com\/wp-content\/uploads\/2018\/06\/Fotolia_100969972_Subscription_Monthly_S-500x135.jpg 500w, https:\/\/selfie-cosmetic.com\/wp-content\/uploads\/2018\/06\/Fotolia_100969972_Subscription_Monthly_S.jpg 600w\" sizes=\"(max-width: 300px) 100vw, 300px\" \/><\/p>","protected":false},"featured_media":1663,"comment_status":"open","ping_status":"closed","template":"","meta":{"rs_blank_template":"","rs_page_bg_color":"","slide_template_v7":""},"product_brand":[],"product_cat":[15],"product_tag":[],"class_list":{"0":"post-1546","1":"product","2":"type-product","3":"status-publish","4":"has-post-thumbnail","6":"product_cat-selfie-cosmetic","8":"first","9":"outofstock","10":"shipping-taxable","11":"purchasable","12":"product-type-variable","13":"has-default-attributes"},"_links":{"self":[{"href":"https:\/\/selfie-cosmetic.com\/es\/wp-json\/wp\/v2\/product\/1546","targetHints":{"allow":["GET"]}}],"collection":[{"href":"https:\/\/selfie-cosmetic.com\/es\/wp-json\/wp\/v2\/product"}],"about":[{"href":"https:\/\/selfie-cosmetic.com\/es\/wp-json\/wp\/v2\/types\/product"}],"replies":[{"embeddable":true,"href":"https:\/\/selfie-cosmetic.com\/es\/wp-json\/wp\/v2\/comments?post=1546"}],"wp:featuredmedia":[{"embeddable":true,"href":"https:\/\/selfie-cosmetic.com\/es\/wp-json\/wp\/v2\/media\/1663"}],"wp:attachment":[{"href":"https:\/\/selfie-cosmetic.com\/es\/wp-json\/wp\/v2\/media?parent=1546"}],"wp:term":[{"taxonomy":"product_brand","embeddable":true,"href":"https:\/\/selfie-cosmetic.com\/es\/wp-json\/wp\/v2\/product_brand?post=1546"},{"taxonomy":"product_cat","embeddable":true,"href":"https:\/\/selfie-cosmetic.com\/es\/wp-json\/wp\/v2\/product_cat?post=1546"},{"taxonomy":"product_tag","embeddable":true,"href":"https:\/\/selfie-cosmetic.com\/es\/wp-json\/wp\/v2\/product_tag?post=1546"}],"curies":[{"name":"wp","href":"https:\/\/api.w.org\/{rel}","templated":true}]}}