{"id":1546,"date":"2018-06-25T14:39:38","date_gmt":"2018-06-25T12:39:38","guid":{"rendered":"https:\/\/www.selfie-cosmetic.com\/shop\/selfie-cosmetic"},"modified":"2024-10-03T16:46:55","modified_gmt":"2024-10-03T14:46:55","slug":"selfie-cosmetic-2","status":"publish","type":"product","link":"https:\/\/selfie-cosmetic.com\/de\/selfie-cosmetic-2","title":{"rendered":"Selfie COSMETIC"},"content":{"rendered":"<p><strong>Selfie COSMETIC<\/strong> ist die weltweit erste dermatologisch getestete Hautschutzkombination, die die Haut auf nat\u00fcrliche, gezielte und direkte Weise vor gef\u00e4hrlicher Handystrahlung (HEV-Strahlung) sch\u00fctzt.<\/p>\n<p>Junge Haut ist t\u00e4glich digitalem Stress (Smartphones, Tablets, Computer) und der damit verbundenen hochenergetischen sichtbaren Strahlung (HEV) ausgesetzt, die die Haut sch\u00e4digt. HEV-Licht dringt weiter in die Hautschicht ein als UV-Strahlen. Die Strahlung verursacht Falten, Akne und Pigmentflecken. Die Hautalterung wird nachweislich beschleunigt.<\/p>\n<p>Blaues Licht sch\u00e4digt die Hautbarriere und die Haut wird schneller trocken: Trockenheitsf\u00e4ltchen treten fr\u00fcher auf.<\/p>\n<p><img decoding=\"async\" class=\"aligncenter wp-image-1623\" src=\"https:\/\/selfie-cosmetic.com\/wp-content\/uploads\/2018\/06\/Fotolia_100969972_Subscription_Monthly_S.jpg\" alt=\"100% Qualit\u00e4t made in Germany\" width=\"300\" height=\"81\" srcset=\"https:\/\/selfie-cosmetic.com\/wp-content\/uploads\/2018\/06\/Fotolia_100969972_Subscription_Monthly_S-200x54.jpg 200w, https:\/\/selfie-cosmetic.com\/wp-content\/uploads\/2018\/06\/Fotolia_100969972_Subscription_Monthly_S-300x81.jpg 300w, https:\/\/selfie-cosmetic.com\/wp-content\/uploads\/2018\/06\/Fotolia_100969972_Subscription_Monthly_S-400x108.jpg 400w, https:\/\/selfie-cosmetic.com\/wp-content\/uploads\/2018\/06\/Fotolia_100969972_Subscription_Monthly_S-500x135.jpg 500w, https:\/\/selfie-cosmetic.com\/wp-content\/uploads\/2018\/06\/Fotolia_100969972_Subscription_Monthly_S.jpg 600w\" sizes=\"(max-width: 300px) 100vw, 300px\" \/><\/p>","protected":false},"excerpt":{"rendered":"<p>Junge Haut ist t\u00e4glich digitalem Stress (Smartphones, Tablets, Computer) und der damit verbundenen hochenergetischen sichtbaren Strahlung (HEV) ausgesetzt, die die Haut sch\u00e4digt. HEV-Licht dringt weiter in die Hautschicht ein als UV-Strahlen. Die Strahlung verursacht Falten, Akne und Pigmentflecken. Die Hautalterung wird nachweislich beschleunigt.<\/p>\n<p>Blaues Licht sch\u00e4digt die Hautbarriere und die Haut wird schneller trocken: Trockenheitsf\u00e4ltchen treten fr\u00fcher auf.<\/p>\n<p><img decoding=\"async\" class=\"aligncenter wp-image-1623\" src=\"https:\/\/selfie-cosmetic.com\/wp-content\/uploads\/2018\/06\/Fotolia_100969972_Subscription_Monthly_S.jpg\" alt=\"100% Qualit\u00e4t made in Germany\" width=\"300\" height=\"81\" srcset=\"https:\/\/selfie-cosmetic.com\/wp-content\/uploads\/2018\/06\/Fotolia_100969972_Subscription_Monthly_S-200x54.jpg 200w, https:\/\/selfie-cosmetic.com\/wp-content\/uploads\/2018\/06\/Fotolia_100969972_Subscription_Monthly_S-300x81.jpg 300w, https:\/\/selfie-cosmetic.com\/wp-content\/uploads\/2018\/06\/Fotolia_100969972_Subscription_Monthly_S-400x108.jpg 400w, https:\/\/selfie-cosmetic.com\/wp-content\/uploads\/2018\/06\/Fotolia_100969972_Subscription_Monthly_S-500x135.jpg 500w, https:\/\/selfie-cosmetic.com\/wp-content\/uploads\/2018\/06\/Fotolia_100969972_Subscription_Monthly_S.jpg 600w\" sizes=\"(max-width: 300px) 100vw, 300px\" \/><\/p>","protected":false},"featured_media":1663,"comment_status":"open","ping_status":"closed","template":"","meta":{"rs_blank_template":"","rs_page_bg_color":"","slide_template_v7":""},"product_brand":[],"product_cat":[15],"product_tag":[],"class_list":{"0":"post-1546","1":"product","2":"type-product","3":"status-publish","4":"has-post-thumbnail","6":"product_cat-selfie-cosmetic","8":"first","9":"outofstock","10":"shipping-taxable","11":"purchasable","12":"product-type-variable","13":"has-default-attributes"},"_links":{"self":[{"href":"https:\/\/selfie-cosmetic.com\/de\/wp-json\/wp\/v2\/product\/1546","targetHints":{"allow":["GET"]}}],"collection":[{"href":"https:\/\/selfie-cosmetic.com\/de\/wp-json\/wp\/v2\/product"}],"about":[{"href":"https:\/\/selfie-cosmetic.com\/de\/wp-json\/wp\/v2\/types\/product"}],"replies":[{"embeddable":true,"href":"https:\/\/selfie-cosmetic.com\/de\/wp-json\/wp\/v2\/comments?post=1546"}],"wp:featuredmedia":[{"embeddable":true,"href":"https:\/\/selfie-cosmetic.com\/de\/wp-json\/wp\/v2\/media\/1663"}],"wp:attachment":[{"href":"https:\/\/selfie-cosmetic.com\/de\/wp-json\/wp\/v2\/media?parent=1546"}],"wp:term":[{"taxonomy":"product_brand","embeddable":true,"href":"https:\/\/selfie-cosmetic.com\/de\/wp-json\/wp\/v2\/product_brand?post=1546"},{"taxonomy":"product_cat","embeddable":true,"href":"https:\/\/selfie-cosmetic.com\/de\/wp-json\/wp\/v2\/product_cat?post=1546"},{"taxonomy":"product_tag","embeddable":true,"href":"https:\/\/selfie-cosmetic.com\/de\/wp-json\/wp\/v2\/product_tag?post=1546"}],"curies":[{"name":"wp","href":"https:\/\/api.w.org\/{rel}","templated":true}]}}